{"id":6,"date":"2019-04-26T17:55:52","date_gmt":"2019-04-26T17:55:52","guid":{"rendered":"http:\/\/angerschmiede.de\/?page_id=6"},"modified":"2025-01-23T07:56:37","modified_gmt":"2025-01-23T07:56:37","slug":"goldbecher","status":"publish","type":"page","link":"https:\/\/markus-pollinger.de\/?page_id=6","title":{"rendered":"Goldbecher"},"content":{"rendered":"\n<p><\/p>\n\n\n\n<p>Im Mittelalter war das Trinken aus einem Goldbecher aus reinem Gold den\nK\u00f6nigen vorbehalten. Neben einem Gef\u00fchl der Erhabenheit brachte der Goldbecher\neinen weiteren, wesentlichen Nutzen mit sich. Denn schon damals war die\ngesundmachende und antibakterielle Wirkung des Goldes bekannt.<\/p>\n\n\n\n<figure class=\"is-layout-flex wp-block-gallery-1 wp-block-gallery has-nested-images columns-default is-cropped\">\n<figure class=\"wp-block-image size-large\"><img decoding=\"async\" loading=\"lazy\" width=\"768\" height=\"512\" data-id=\"188\"  src=\"https:\/\/markus-pollinger.de\/wp-content\/uploads\/2019\/04\/goldschale-1.jpg\" alt=\"\" class=\"wp-image-188\" srcset=\"https:\/\/markus-pollinger.de\/wp-content\/uploads\/2019\/04\/goldschale-1.jpg 768w, https:\/\/markus-pollinger.de\/wp-content\/uploads\/2019\/04\/goldschale-1-300x200.jpg 300w\" sizes=\"(max-width: 767px) 89vw, (max-width: 1000px) 54vw, (max-width: 1071px) 543px, 580px\" \/><figcaption class=\"wp-element-caption\">Goldbecher<\/figcaption><\/figure>\n\n\n\n<figure class=\"wp-block-image size-large\"><img decoding=\"async\" loading=\"lazy\" width=\"1024\" height=\"600\" data-id=\"170\"  src=\"https:\/\/markus-pollinger.de\/wp-content\/uploads\/2019\/04\/becher_aus_purem_gold_kopie2-1-1024x600.jpg\" alt=\"\" class=\"wp-image-170\" srcset=\"https:\/\/markus-pollinger.de\/wp-content\/uploads\/2019\/04\/becher_aus_purem_gold_kopie2-1-1024x600.jpg 1024w, https:\/\/markus-pollinger.de\/wp-content\/uploads\/2019\/04\/becher_aus_purem_gold_kopie2-1-300x176.jpg 300w, https:\/\/markus-pollinger.de\/wp-content\/uploads\/2019\/04\/becher_aus_purem_gold_kopie2-1-768x450.jpg 768w, https:\/\/markus-pollinger.de\/wp-content\/uploads\/2019\/04\/becher_aus_purem_gold_kopie2-1.jpg 1276w\" sizes=\"(max-width: 767px) 89vw, (max-width: 1000px) 54vw, (max-width: 1071px) 543px, 580px\" \/><\/figure>\n\n\n\n<figure class=\"wp-block-image size-large\"><img decoding=\"async\" loading=\"lazy\" width=\"785\" height=\"579\" data-id=\"169\"  src=\"https:\/\/markus-pollinger.de\/wp-content\/uploads\/2019\/04\/goldbecher_mit_stempel_2_kopie2-2.jpg\" alt=\"\" class=\"wp-image-169\" srcset=\"https:\/\/markus-pollinger.de\/wp-content\/uploads\/2019\/04\/goldbecher_mit_stempel_2_kopie2-2.jpg 785w, https:\/\/markus-pollinger.de\/wp-content\/uploads\/2019\/04\/goldbecher_mit_stempel_2_kopie2-2-300x221.jpg 300w, https:\/\/markus-pollinger.de\/wp-content\/uploads\/2019\/04\/goldbecher_mit_stempel_2_kopie2-2-768x566.jpg 768w\" sizes=\"(max-width: 767px) 89vw, (max-width: 1000px) 54vw, (max-width: 1071px) 543px, 580px\" \/><\/figure>\n\n\n\n<figure class=\"wp-block-image size-large\"><img decoding=\"async\" loading=\"lazy\" width=\"922\" height=\"614\" data-id=\"168\"  src=\"https:\/\/markus-pollinger.de\/wp-content\/uploads\/2019\/04\/img_7597_kopie2_1.jpg\" alt=\"\" class=\"wp-image-168\" srcset=\"https:\/\/markus-pollinger.de\/wp-content\/uploads\/2019\/04\/img_7597_kopie2_1.jpg 922w, https:\/\/markus-pollinger.de\/wp-content\/uploads\/2019\/04\/img_7597_kopie2_1-300x200.jpg 300w, https:\/\/markus-pollinger.de\/wp-content\/uploads\/2019\/04\/img_7597_kopie2_1-768x511.jpg 768w\" sizes=\"(max-width: 767px) 89vw, (max-width: 1000px) 54vw, (max-width: 1071px) 543px, 580px\" \/><\/figure>\n<\/figure>\n\n\n\n<p>Pracelsus (Arzt und Philosoph aus dem 15. Jahrhundert) bemerkte einmal, da\u00df\ndas Gold \u201ezu Gr\u00f6\u00dfe und St\u00e4rke\u201c f\u00fchrt. \u00c4hnlich wie die k\u00f6niglichen Attribute wie\ndas goldene Zepter, der goldene Reichsapfel und nicht zuletzt die Goldkrone dem\nHerrscher ihren Glanz leihen, so \u00fcbertr\u00e4gt auch der Goldbecher Herrschaftliches\nauf den Menschen.<\/p>\n\n\n\n<p>Genau diesem historischen Ideal wird der Goldbecher von Markus Pollinger gerecht.\n<\/p>\n\n\n\n<figure class=\"wp-block-image size-large is-resized\"><img decoding=\"async\" loading=\"lazy\" src=\"https:\/\/markus-pollinger.de\/wp-content\/uploads\/2021\/04\/IMG_1356-1024x683.jpg\" alt=\"\" class=\"wp-image-372\" width=\"560\" height=\"373\" srcset=\"https:\/\/markus-pollinger.de\/wp-content\/uploads\/2021\/04\/IMG_1356-1024x683.jpg 1024w, https:\/\/markus-pollinger.de\/wp-content\/uploads\/2021\/04\/IMG_1356-300x200.jpg 300w, https:\/\/markus-pollinger.de\/wp-content\/uploads\/2021\/04\/IMG_1356-768x512.jpg 768w, https:\/\/markus-pollinger.de\/wp-content\/uploads\/2021\/04\/IMG_1356-1536x1024.jpg 1536w, https:\/\/markus-pollinger.de\/wp-content\/uploads\/2021\/04\/IMG_1356-2048x1365.jpg 2048w\" sizes=\"(max-width: 560px) 100vw, 560px\" \/><\/figure>\n","protected":false},"excerpt":{"rendered":"<p>Im Mittelalter war das Trinken aus einem Goldbecher aus reinem Gold den K\u00f6nigen vorbehalten. Neben einem Gef\u00fchl der Erhabenheit brachte der Goldbecher einen weiteren, wesentlichen Nutzen mit sich. Denn schon damals war die gesundmachende und antibakterielle Wirkung des Goldes bekannt. Pracelsus (Arzt und Philosoph aus dem 15. Jahrhundert) bemerkte einmal, da\u00df das Gold \u201ezu Gr\u00f6\u00dfe &hellip; <\/p>\n<p class=\"link-more\"><a href=\"https:\/\/markus-pollinger.de\/?page_id=6\" class=\"more-link\"><span class=\"screen-reader-text\">\u201eGoldbecher\u201c<\/span> weiterlesen<\/a><\/p>\n","protected":false},"author":1,"featured_media":0,"parent":0,"menu_order":0,"comment_status":"closed","ping_status":"closed","template":"","meta":[],"_links":{"self":[{"href":"https:\/\/markus-pollinger.de\/index.php?rest_route=\/wp\/v2\/pages\/6"}],"collection":[{"href":"https:\/\/markus-pollinger.de\/index.php?rest_route=\/wp\/v2\/pages"}],"about":[{"href":"https:\/\/markus-pollinger.de\/index.php?rest_route=\/wp\/v2\/types\/page"}],"author":[{"embeddable":true,"href":"https:\/\/markus-pollinger.de\/index.php?rest_route=\/wp\/v2\/users\/1"}],"replies":[{"embeddable":true,"href":"https:\/\/markus-pollinger.de\/index.php?rest_route=%2Fwp%2Fv2%2Fcomments&post=6"}],"version-history":[{"count":7,"href":"https:\/\/markus-pollinger.de\/index.php?rest_route=\/wp\/v2\/pages\/6\/revisions"}],"predecessor-version":[{"id":554,"href":"https:\/\/markus-pollinger.de\/index.php?rest_route=\/wp\/v2\/pages\/6\/revisions\/554"}],"wp:attachment":[{"href":"https:\/\/markus-pollinger.de\/index.php?rest_route=%2Fwp%2Fv2%2Fmedia&parent=6"}],"curies":[{"name":"wp","href":"https:\/\/api.w.org\/{rel}","templated":true}]}}